{"id":378,"date":"2023-06-09T11:44:28","date_gmt":"2023-06-09T11:44:28","guid":{"rendered":"https:\/\/shangahotels.com\/shanga\/"},"modified":"2024-03-18T08:23:22","modified_gmt":"2024-03-18T08:23:22","slug":"shanga","status":"publish","type":"page","link":"https:\/\/shangahotels.com\/fr\/","title":{"rendered":"Shanga"},"content":{"rendered":"<div class=\"slider-wrapper relative\" id=\"slider-267787456\" >\n    <div class=\"slider slider-nav-circle slider-nav-large slider-nav-light slider-style-normal slider-show-nav\"\n        data-flickity-options='{\n            \"cellAlign\": \"center\",\n            \"imagesLoaded\": true,\n            \"lazyLoad\": 1,\n            \"freeScroll\": true,\n            \"wrapAround\": true,\n            \"autoPlay\": 6000,\n            \"pauseAutoPlayOnHover\" : true,\n            \"prevNextButtons\": true,\n            \"contain\" : true,\n            \"adaptiveHeight\" : true,\n            \"dragThreshold\" : 10,\n            \"percentPosition\": true,\n            \"pageDots\": true,\n            \"rightToLeft\": false,\n            \"draggable\": false,\n            \"selectedAttraction\": 0.1,\n            \"parallax\" : 0,\n            \"friction\": 0.6        }'\n        >\n        \n\n  <div class=\"banner has-hover is-full-height\" id=\"banner-1754855037\">\n          <div class=\"banner-inner fill\">\n        <div class=\"banner-bg fill\" >\n            <div class=\"bg fill bg-fill \"><\/div>\n                        <div class=\"overlay\"><\/div>            \n                    <\/div>\n\t\t\n        <div class=\"banner-layers container\">\n            <div class=\"fill banner-link\"><\/div>            \n   <div id=\"text-box-1361024242\" class=\"text-box banner-layer x50 md-x50 lg-x50 y80 md-y80 lg-y80 res-text\">\n                     <div data-animate=\"fadeInUp\">           <div class=\"text-box-content text dark text-shadow-2\">\n              \n              <div class=\"text-inner text-center\">\n                  \n\t<div id=\"text-401935380\" class=\"text\">\n\t\t\n<p class=\"uppercase\">Restaurant \u2013 Ouvrez maintenant<\/p>\n<p class=\"uppercase\">H\u00f4tel \u2013 D\u00e9cembre 2024<\/p>\n\t\t\n<style>\n#text-401935380 {\n  font-size: 1.6rem;\n}\n@media (min-width:550px) {\n  #text-401935380 {\n    font-size: 2rem;\n  }\n}\n<\/style>\n\t<\/div>\n\t\n\t<div id=\"gap-1528714662\" class=\"gap-element clearfix\" style=\"display:block; height:auto;\">\n\t\t\n<style>\n#gap-1528714662 {\n  padding-top: 50px;\n}\n<\/style>\n\t<\/div>\n\t\n\t<div id=\"stack-1602274343\" class=\"stack stack-col justify-start items-stretch\">\n\t\t\n<a href=\"https:\/\/shangahotels.com\/fr\/paje\/\" target=\"_self\" class=\"button white is-link\"  >\n    <span>Visite Paje<\/span>\n  <\/a>\n\n\t<div id=\"text-4074637613\" class=\"text\">\n\t\t\n<p style=\"font-size: 2em;\">\n\t\t\n<style>\n#text-4074637613 {\n  line-height: 0.75;\n  text-align: center;\n  color: rgb(255,255,255);\n}\n#text-4074637613 > * {\n  color: rgb(255,255,255);\n}\n<\/style>\n\t<\/div>\n\t\n\t\t\n<style>\n#stack-1602274343 > * {\n  --stack-gap: 2rem;\n}\n<\/style>\n\t<\/div>\n\t\n              <\/div>\n           <\/div>\n       <\/div>                     \n<style>\n#text-box-1361024242 {\n  width: 60%;\n}\n#text-box-1361024242 .text-box-content {\n  font-size: 100%;\n}\n<\/style>\n    <\/div>\n \n        <\/div>\n      <\/div>\n\n            \n<style>\n#banner-1754855037 {\n  padding-top: 100%;\n}\n#banner-1754855037 .bg.bg-loaded {\n  background-image: url(https:\/\/shangahotels.com\/wp-content\/uploads\/2024\/01\/0T3A7348.webp);\n}\n#banner-1754855037 .overlay {\n  background-color: rgba(0, 0, 0, 0.3);\n}\n<\/style>\n  <\/div>\n\n\n\n  <div class=\"banner has-hover is-full-height\" id=\"banner-2047930548\">\n          <div class=\"banner-inner fill\">\n        <div class=\"banner-bg fill\" >\n            <div class=\"bg fill bg-fill \"><\/div>\n                        <div class=\"overlay\"><\/div>            \n                    <\/div>\n\t\t\n        <div class=\"banner-layers container\">\n            <div class=\"fill banner-link\"><\/div>            \n   <div id=\"text-box-1692334193\" class=\"text-box banner-layer x50 md-x50 lg-x50 y80 md-y80 lg-y80 res-text\">\n                     <div data-animate=\"fadeInUp\">           <div class=\"text-box-content text dark text-shadow-2\">\n              \n              <div class=\"text-inner text-center\">\n                  \n\t<div id=\"text-1743286110\" class=\"text\">\n\t\t\n<p class=\"uppercase\">Restaurant \u2013 Ouvrez maintenant<\/p>\n<p class=\"uppercase\">H\u00f4tel \u2013 D\u00e9cembre 2024<\/p>\n\t\t\n<style>\n#text-1743286110 {\n  font-size: 1.6rem;\n}\n@media (min-width:550px) {\n  #text-1743286110 {\n    font-size: 2rem;\n  }\n}\n<\/style>\n\t<\/div>\n\t\n\t<div id=\"gap-1665926377\" class=\"gap-element clearfix\" style=\"display:block; height:auto;\">\n\t\t\n<style>\n#gap-1665926377 {\n  padding-top: 50px;\n}\n<\/style>\n\t<\/div>\n\t\n\t<div id=\"stack-3135726423\" class=\"stack stack-col justify-start items-stretch\">\n\t\t\n<a href=\"https:\/\/shangahotels.com\/fr\/paje\/\" target=\"_self\" class=\"button white is-link\"  >\n    <span>Visite Paje<\/span>\n  <\/a>\n\n\t<div id=\"text-2470495592\" class=\"text\">\n\t\t\n<p style=\"font-size: 2em;\">\n\t\t\n<style>\n#text-2470495592 {\n  line-height: 0.75;\n  text-align: center;\n  color: rgb(255,255,255);\n}\n#text-2470495592 > * {\n  color: rgb(255,255,255);\n}\n<\/style>\n\t<\/div>\n\t\n\t\t\n<style>\n#stack-3135726423 > * {\n  --stack-gap: 2rem;\n}\n<\/style>\n\t<\/div>\n\t\n              <\/div>\n           <\/div>\n       <\/div>                     \n<style>\n#text-box-1692334193 {\n  width: 60%;\n}\n#text-box-1692334193 .text-box-content {\n  font-size: 100%;\n}\n<\/style>\n    <\/div>\n \n        <\/div>\n      <\/div>\n\n            \n<style>\n#banner-2047930548 {\n  padding-top: 100%;\n}\n#banner-2047930548 .bg.bg-loaded {\n  background-image: url(https:\/\/shangahotels.com\/wp-content\/uploads\/2024\/01\/0T3A7540-HDR.webp);\n}\n#banner-2047930548 .overlay {\n  background-color: rgba(0, 0, 0, 0.3);\n}\n<\/style>\n  <\/div>\n\n\n\n  <div class=\"banner has-hover is-full-height\" id=\"banner-1144495412\">\n          <div class=\"banner-inner fill\">\n        <div class=\"banner-bg fill\" >\n            <div class=\"bg fill bg-fill \"><\/div>\n                        <div class=\"overlay\"><\/div>            \n                    <\/div>\n\t\t\n        <div class=\"banner-layers container\">\n            <div class=\"fill banner-link\"><\/div>            \n   <div id=\"text-box-1260004598\" class=\"text-box banner-layer x50 md-x50 lg-x50 y80 md-y80 lg-y80 res-text\">\n                     <div data-animate=\"fadeInUp\">           <div class=\"text-box-content text dark text-shadow-2\">\n              \n              <div class=\"text-inner text-center\">\n                  \n\t<div id=\"text-3299914375\" class=\"text\">\n\t\t\n<p class=\"uppercase\">Restaurant \u2013 Ouvrez maintenant<\/p>\n<p class=\"uppercase\">H\u00f4tel \u2013 D\u00e9cembre 2024<\/p>\n\t\t\n<style>\n#text-3299914375 {\n  font-size: 1.6rem;\n}\n@media (min-width:550px) {\n  #text-3299914375 {\n    font-size: 2rem;\n  }\n}\n<\/style>\n\t<\/div>\n\t\n\t<div id=\"gap-259208964\" class=\"gap-element clearfix\" style=\"display:block; height:auto;\">\n\t\t\n<style>\n#gap-259208964 {\n  padding-top: 50px;\n}\n<\/style>\n\t<\/div>\n\t\n\t<div id=\"stack-2062490682\" class=\"stack stack-col justify-start items-stretch\">\n\t\t\n<a href=\"https:\/\/shangahotels.com\/fr\/paje\/\" target=\"_self\" class=\"button white is-link\"  >\n    <span>Visite Paje<\/span>\n  <\/a>\n\n\t<div id=\"text-4020133829\" class=\"text\">\n\t\t\n<p style=\"font-size: 2em;\">\n\t\t\n<style>\n#text-4020133829 {\n  line-height: 0.75;\n  text-align: center;\n  color: rgb(255,255,255);\n}\n#text-4020133829 > * {\n  color: rgb(255,255,255);\n}\n<\/style>\n\t<\/div>\n\t\n\t\t\n<style>\n#stack-2062490682 > * {\n  --stack-gap: 2rem;\n}\n<\/style>\n\t<\/div>\n\t\n              <\/div>\n           <\/div>\n       <\/div>                     \n<style>\n#text-box-1260004598 {\n  width: 60%;\n}\n#text-box-1260004598 .text-box-content {\n  font-size: 100%;\n}\n<\/style>\n    <\/div>\n \n        <\/div>\n      <\/div>\n\n            \n<style>\n#banner-1144495412 {\n  padding-top: 100%;\n}\n#banner-1144495412 .bg.bg-loaded {\n  background-image: url(https:\/\/shangahotels.com\/wp-content\/uploads\/2024\/01\/0T3A7300.webp);\n}\n#banner-1144495412 .overlay {\n  background-color: rgba(0, 0, 0, 0.3);\n}\n<\/style>\n  <\/div>\n\n\n     <\/div>\n\n     <div class=\"loading-spin dark large centered\"><\/div>\n\n\t<\/div>\n\n\n\t<div id=\"gap-740307280\" class=\"gap-element clearfix\" style=\"display:block; height:auto;\">\n\t\t\n<style>\n#gap-740307280 {\n  padding-top: 40px;\n}\n@media (min-width:550px) {\n  #gap-740307280 {\n    padding-top: 50px;\n  }\n}\n<\/style>\n\t<\/div>\n\t\n\t<section class=\"section\" id=\"section_470507896\">\n\t\t<div class=\"bg section-bg fill bg-fill  bg-loaded\" >\n\n\t\t\t\n\t\t\t\n\t\t\t\n\n\t\t<\/div>\n\n\t\t\n\n\t\t<div class=\"section-content relative\">\n\t\t\t\n<div class=\"row align-center\"  id=\"row-2024180095\">\n\n\t<div id=\"col-159755695\" class=\"col medium-10 small-12 large-10\"  >\n\t\t\t\t<div class=\"col-inner text-center\"  >\n\t\t\t\n\t\t\t\n<span class=\"scroll-to\" data-label=\"Scroll to: #intro\" data-bullet=\"false\" data-link=\"#intro\" data-title=\"intro\" ><a name=\"intro\"><\/a><\/span>\n<h2>STYLE DE VIE D\u00c9CONTRACT\u00c9<\/h2>\n\t<div id=\"gap-1603634603\" class=\"gap-element clearfix\" style=\"display:block; height:auto;\">\n\t\t\n<style>\n#gap-1603634603 {\n  padding-top: 30px;\n}\n<\/style>\n\t<\/div>\n\t\n<h1>H\u00d4TELS SHANGA<\/h1>\n\t<div id=\"gap-1411733260\" class=\"gap-element clearfix\" style=\"display:block; height:auto;\">\n\t\t\n<style>\n#gap-1411733260 {\n  padding-top: 30px;\n}\n<\/style>\n\t<\/div>\n\t\n<p>Dans les h\u00f4tels SHANGA, nous sommes fiers de proposer une exp\u00e9rience authentique fortement ancr\u00e9e dans le patrimoine culturel local. Comme un collier de perles, tout est entrelac\u00e9 et reli\u00e9 en un seul. En combinant l&rsquo;exotisme local avec un design moderniste, nous cr\u00e9ons des espaces boh\u00e9miens \u00e9l\u00e9gants o\u00f9 tu peux te d\u00e9tendre compl\u00e8tement.<\/p>\n<p>Sirote un jus de fruits frais en te relaxant au bord de la piscine, savoure un m\u00e9lange de cuisine locale et internationale dans notre restaurant fusion ou prends un cocktail de mixologie au bar, tout en surplombant les eaux bleu turquoise de l&rsquo;oc\u00e9an Indien.<\/p>\n<p><a href=\"https:\/\/shangahotels.com\/fr\/paje\/\">S\u00c9JOUR \u00c0 SHANGA<\/a><\/p>\n\t\t<\/div>\n\t\t\t\t\t<\/div>\n\n\t\n<\/div>\n\t\t<\/div>\n\n\t\t\n<style>\n#section_470507896 {\n  padding-top: 30px;\n  padding-bottom: 30px;\n}\n<\/style>\n\t<\/section>\n\t\n\t<section class=\"section\" id=\"section_898436877\">\n\t\t<div class=\"bg section-bg fill bg-fill  bg-loaded\" >\n\n\t\t\t\n\t\t\t\n\t\t\t\n\n\t\t<\/div>\n\n\t\t\n\n\t\t<div class=\"section-content relative\">\n\t\t\t\n<div class=\"row\"  id=\"row-713519576\">\n\n\t<div id=\"col-504175561\" class=\"col medium-6 small-12 large-6\"  >\n\t\t\t\t<div class=\"col-inner\"  >\n\t\t\t\n\t\t\t\n\t<div class=\"img has-hover x md-x lg-x y md-y lg-y\" id=\"image_1064748807\">\n\t\t\t\t\t\t\t\t<div class=\"img-inner dark\" >\n\t\t\t<img loading=\"lazy\" decoding=\"async\" width=\"1020\" height=\"680\" src=\"https:\/\/shangahotels.com\/wp-content\/uploads\/2024\/01\/0T3A7300-1024x683.webp\" class=\"attachment-large size-large\" alt=\"\" srcset=\"https:\/\/shangahotels.com\/wp-content\/uploads\/2024\/01\/0T3A7300-1024x683.webp 1024w, https:\/\/shangahotels.com\/wp-content\/uploads\/2024\/01\/0T3A7300-300x200.webp 300w, https:\/\/shangahotels.com\/wp-content\/uploads\/2024\/01\/0T3A7300-768x512.webp 768w, https:\/\/shangahotels.com\/wp-content\/uploads\/2024\/01\/0T3A7300-1536x1024.webp 1536w, https:\/\/shangahotels.com\/wp-content\/uploads\/2024\/01\/0T3A7300.webp 1920w\" sizes=\"auto, (max-width: 1020px) 100vw, 1020px\" \/>\t\t\t\t\t\t\n\t\t\t\t\t<\/div>\n\t\t\t\t\t\t\t\t\n<style>\n#image_1064748807 {\n  width: 100%;\n}\n<\/style>\n\t<\/div>\n\t\n<h3>DESIGN EXOTIQUE ET MODERNISTE<\/h3>\n<p>Nos h\u00f4tels \u00e0 Zanzibar pr\u00e9sentent le meilleur du design exotique associ\u00e9 \u00e0 une touche boh\u00e8me moderne. Les textures naturelles associ\u00e9es \u00e0 la pierre et au bois locaux cr\u00e9ent des sanctuaires boh\u00e9miens \u00e9l\u00e9gants et accueillants o\u00f9 les invit\u00e9s se d\u00e9tendent et se d\u00e9connectent.<\/p>\n<a href=\"https:\/\/shangahotels.com\/fr\/paje\/\" target=\"_self\" class=\"button primary is-outline\"  style=\"border-radius:10px;\">\n    <span>Rester<\/span>\n  <i class=\"icon-angle-right\" aria-hidden=\"true\" ><\/i><\/a>\n\n\t\t<\/div>\n\t\t\t\t\t<\/div>\n\n\t\n\n\t<div id=\"col-96156369\" class=\"col medium-6 small-12 large-6\"  >\n\t\t\t\t<div class=\"col-inner\"  >\n\t\t\t\n\t\t\t\n\t<div class=\"img has-hover x md-x lg-x y md-y lg-y\" id=\"image_984452023\">\n\t\t\t\t\t\t\t\t<div class=\"img-inner dark\" >\n\t\t\t<img loading=\"lazy\" decoding=\"async\" width=\"1020\" height=\"680\" src=\"https:\/\/shangahotels.com\/wp-content\/uploads\/2024\/01\/0T3A7497-HDR-1024x683.webp\" class=\"attachment-large size-large\" alt=\"\" srcset=\"https:\/\/shangahotels.com\/wp-content\/uploads\/2024\/01\/0T3A7497-HDR-1024x683.webp 1024w, https:\/\/shangahotels.com\/wp-content\/uploads\/2024\/01\/0T3A7497-HDR-300x200.webp 300w, https:\/\/shangahotels.com\/wp-content\/uploads\/2024\/01\/0T3A7497-HDR-768x512.webp 768w, https:\/\/shangahotels.com\/wp-content\/uploads\/2024\/01\/0T3A7497-HDR-1536x1024.webp 1536w, https:\/\/shangahotels.com\/wp-content\/uploads\/2024\/01\/0T3A7497-HDR.webp 1920w\" sizes=\"auto, (max-width: 1020px) 100vw, 1020px\" \/>\t\t\t\t\t\t\n\t\t\t\t\t<\/div>\n\t\t\t\t\t\t\t\t\n<style>\n#image_984452023 {\n  width: 100%;\n}\n<\/style>\n\t<\/div>\n\t\n<h3>UN MIX DE CUISINE LOCALE ET DU MONDE<\/h3>\n<p>En m\u00e9langeant les saveurs locales \u00e0 la cuisine internationale, notre chef cr\u00e9e des plats extraordinaires qui sont une f\u00eate pour ton palais. Le personnel du bar vous servira des cocktails savamment \u00e9labor\u00e9s.<\/p>\n<a href=\"https:\/\/shangahotels.com\/fr\/paje\/manger-boire\/\" target=\"_self\" class=\"button primary is-outline\"  style=\"border-radius:10px;\">\n    <span>Manger et Boire<\/span>\n  <i class=\"icon-angle-right\" aria-hidden=\"true\" ><\/i><\/a>\n\n\t\t<\/div>\n\t\t\t\t\t<\/div>\n\n\t\n\n<style>\n#row-713519576 > .col > .col-inner {\n  padding: 0px 10px 0px 10px;\n}\n@media (min-width:550px) {\n  #row-713519576 > .col > .col-inner {\n    padding: 0px 30px 0px 30px;\n  }\n}\n<\/style>\n<\/div>\n\t\t<\/div>\n\n\t\t\n<style>\n#section_898436877 {\n  padding-top: 30px;\n  padding-bottom: 30px;\n}\n<\/style>\n\t<\/section>\n\t\n\t<section class=\"section\" id=\"section_306576630\">\n\t\t<div class=\"bg section-bg fill bg-fill  bg-loaded\" >\n\n\t\t\t\n\t\t\t\n\t\t\t\n\n\t\t<\/div>\n\n\t\t\n\n\t\t<div class=\"section-content relative\">\n\t\t\t\n<div class=\"row\"  id=\"row-1767292707\">\n\n\t<div id=\"col-802699993\" class=\"col small-12 large-12\"  >\n\t\t\t\t<div class=\"col-inner text-left dark\"  >\n\t\t\t\n\t\t\t\n\n  <div class=\"banner has-hover bg-zoom\" id=\"banner-1370626021\">\n          <div class=\"banner-inner fill\">\n        <div class=\"banner-bg fill\" >\n            <div class=\"bg fill bg-fill \"><\/div>\n                        <div class=\"overlay\"><\/div>            \n\t<div class=\"is-border\"\n\t\tstyle=\"border-radius:10px;border-width:0px 0px 0px 0px;margin:0px 0px 0px 0px;\">\n\t<\/div>\n                    <\/div>\n\t\t\n        <div class=\"banner-layers container\">\n            <div class=\"fill banner-link\"><\/div>            \n   <div id=\"text-box-727320800\" class=\"text-box banner-layer x5 md-x5 lg-x5 y50 md-y50 lg-y50 res-text\">\n                                <div class=\"text-box-content text dark\">\n              \n              <div class=\"text-inner text-left\">\n                  \n\t<div id=\"text-1075422144\" class=\"text\">\n\t\t\n<h3>RAMADAN IFTAR MENU<\/h3>\n<p>Vous recherchez une collection des meilleurs plats du Ramadan du monde entier ? Alors vous \u00eates au bon endroit !<\/p>\n\t\t\n<style>\n#text-1075422144 {\n  text-align: left;\n}\n<\/style>\n\t<\/div>\n\t\n<a rel=\"noopener noreferrer nofollow\" href=\"https:\/\/drive.google.com\/file\/d\/108F5o0bcTRzR0wad49ttKuxZVsiEKSiq\/view\" target=\"_blank\" class=\"button white is-outline\" style=\"border-radius:10px;\">\n    <span>IFTAR MENU<\/span>\n  <i class=\"icon-angle-right\" aria-hidden=\"true\" ><\/i><\/a>\n\n              <\/div>\n           <\/div>\n                            \n<style>\n#text-box-727320800 {\n  width: 74%;\n}\n#text-box-727320800 .text-box-content {\n  font-size: 100%;\n}\n@media (min-width:550px) {\n  #text-box-727320800 {\n    width: 42%;\n  }\n}\n<\/style>\n    <\/div>\n \n        <\/div>\n      <\/div>\n\n            \n<style>\n#banner-1370626021 {\n  padding-top: 300px;\n}\n#banner-1370626021 .bg.bg-loaded {\n  background-image: url(https:\/\/shangahotels.com\/wp-content\/uploads\/2024\/03\/m024t0323_c_ramadan_29jan23-copy.jpg);\n}\n#banner-1370626021 .overlay {\n  background-color: rgba(0,0,0,.5);\n}\n#banner-1370626021 .bg {\n  background-position: right center;\n}\n@media (min-width:550px) {\n  #banner-1370626021 {\n    padding-top: 400px;\n  }\n}\n<\/style>\n  <\/div>\n\n\n\t\t<\/div>\n\t\t\t\t\t<\/div>\n\n\t\n\n<style>\n#row-1767292707 > .col > .col-inner {\n  padding: 0px 10px 0px 10px;\n}\n@media (min-width:550px) {\n  #row-1767292707 > .col > .col-inner {\n    padding: 0px 30px 0px 30px;\n  }\n}\n<\/style>\n<\/div>\n\t\t<\/div>\n\n\t\t\n<style>\n#section_306576630 {\n  padding-top: 30px;\n  padding-bottom: 30px;\n}\n<\/style>\n\t<\/section>\n\t\n","protected":false},"excerpt":{"rendered":"","protected":false},"author":3,"featured_media":0,"parent":0,"menu_order":0,"comment_status":"closed","ping_status":"closed","template":"page-transparent-header-light.php","meta":{"footnotes":""},"class_list":["post-378","page","type-page","status-publish","hentry"],"_links":{"self":[{"href":"https:\/\/shangahotels.com\/fr\/wp-json\/wp\/v2\/pages\/378","targetHints":{"allow":["GET"]}}],"collection":[{"href":"https:\/\/shangahotels.com\/fr\/wp-json\/wp\/v2\/pages"}],"about":[{"href":"https:\/\/shangahotels.com\/fr\/wp-json\/wp\/v2\/types\/page"}],"author":[{"embeddable":true,"href":"https:\/\/shangahotels.com\/fr\/wp-json\/wp\/v2\/users\/3"}],"replies":[{"embeddable":true,"href":"https:\/\/shangahotels.com\/fr\/wp-json\/wp\/v2\/comments?post=378"}],"version-history":[{"count":0,"href":"https:\/\/shangahotels.com\/fr\/wp-json\/wp\/v2\/pages\/378\/revisions"}],"wp:attachment":[{"href":"https:\/\/shangahotels.com\/fr\/wp-json\/wp\/v2\/media?parent=378"}],"curies":[{"name":"wp","href":"https:\/\/api.w.org\/{rel}","templated":true}]}}